{"id":1131,"date":"2013-02-12T11:24:36","date_gmt":"2013-02-12T11:24:36","guid":{"rendered":"http:\/\/www.goodwinairport.com\/?page_id=1131"},"modified":"2013-02-12T11:24:36","modified_gmt":"2013-02-12T11:24:36","slug":"frais","status":"publish","type":"page","link":"https:\/\/www.goodwinairport.com\/?page_id=1131","title":{"rendered":"Frais"},"content":{"rendered":"<div>\n<div id=\"sub-pp-left\"><img loading=\"lazy\" class=\"alignnone size-full wp-image-772\" title=\"rs_0_Sl_6\" src=\"http:\/\/www.goodwinairport.com\/wp-media\/rs_0_Sl_6.jpg\" alt=\"\" width=\"75\" height=\"600\" \/><\/div>\n<div id=\"sub-pp-right\" style=\"color: #000000;\">\n<p><img loading=\"lazy\" class=\"alignnone size-large wp-image-804\" title=\"Construction_Caucedo_Container_Terminal\" src=\"http:\/\/www.goodwinairport.com\/wp-media\/Construction_Caucedo_Container_Terminal-1024x666.jpg\" alt=\"\" width=\"640\" height=\"416\" srcset=\"https:\/\/www.goodwinairport.com\/gdn2_media\/Construction_Caucedo_Container_Terminal-1024x666.jpg 1024w, https:\/\/www.goodwinairport.com\/gdn2_media\/Construction_Caucedo_Container_Terminal-300x195.jpg 300w\" sizes=\"(max-width: 640px) 100vw, 640px\" \/>Une \u00e9valuation des co\u00fbts de construction a \u00e9t\u00e9 calcul\u00e9e pour la phase Goodwin Aiport avec l\u2019option\u00a0: trois pistes. Les  de co\u00fbts sont bas\u00e9s sur une \u00e9valuation 2012. Il n&#8217;y a pas de prise en compte des co\u00fbts d&#8217;acquisition, ni de l&#8217;inflation.<\/p>\n<h3 style=\"text-align: center;\">\u00c9valuation des frais de l&#8217;a\u00e9roport interzonal de Goodwin<\/h3>\n<table border=\"0\" cellspacing=\"0\">\n<colgroup width=\"279\"><\/colgroup>\n<colgroup width=\"157\"><\/colgroup>\n<tbody>\n<tr>\n<td align=\"LEFT\" valign=\"BOTTOM\" height=\"24\"><span style=\"color: #000000;\">Article<\/span><\/td>\n<td align=\"RIGHT\" valign=\"BOTTOM\"><span style=\"color: #000000;\">Co\u00fbts en  millions de livres Sterling<\/span><\/td>\n<\/tr>\n<tr>\n<td align=\"LEFT\" valign=\"BOTTOM\" height=\"18\"><span style=\"color: #333333;\">Construction de l\u2019ile<\/span><\/td>\n<td align=\"RIGHT\" valign=\"BOTTOM\"><span style=\"color: #333333;\">\u20ac4.000<\/span><\/td>\n<\/tr>\n<tr>\n<td align=\"LEFT\" valign=\"BOTTOM\" height=\"18\"><span style=\"color: #333333;\">Liaisons \u00e0\u00a0 terre de Grande-Bretagne <\/span><\/td>\n<td align=\"RIGHT\" valign=\"BOTTOM\"><span style=\"color: #333333;\">\u20ac1.400<\/span><\/td>\n<\/tr>\n<tr>\n<td align=\"LEFT\" valign=\"BOTTOM\" height=\"18\"><span style=\"color: #333333;\">Le port<\/span><\/td>\n<td align=\"RIGHT\" valign=\"BOTTOM\"><span style=\"color: #333333;\">\u20ac1.400<\/span><\/td>\n<\/tr>\n<tr>\n<td align=\"LEFT\" valign=\"BOTTOM\" height=\"18\"><span style=\"color: #333333;\">Les routes, les lignes ferroviaires  et les pistes d\u2019a\u00e9roport<\/span><\/td>\n<td align=\"RIGHT\" valign=\"BOTTOM\"><span style=\"color: #333333;\">\u20ac13.100<\/span><\/td>\n<\/tr>\n<tr>\n<td align=\"LEFT\" valign=\"BOTTOM\" height=\"18\"><span style=\"color: #333333;\">L\u2019am\u00e9lioration de l\u2019infrastructure actuelle<\/span><\/td>\n<td align=\"RIGHT\" valign=\"BOTTOM\"><span style=\"color: #333333;\">\u20ac3.400<\/span><\/td>\n<\/tr>\n<tr>\n<td align=\"LEFT\" valign=\"BOTTOM\" height=\"18\"><span style=\"color: #333333;\">\u00c9difices et constructions<\/span><\/td>\n<td align=\"RIGHT\" valign=\"BOTTOM\"><span style=\"color: #333333;\"\u20ac10.000<\/span><\/td>\n<\/tr>\n<tr>\n<td align=\"LEFT\" valign=\"BOTTOM\" height=\"18\"><span style=\"color: #333333;\">\u00c9quipements et syst\u00e0\u00a8mes<\/span><\/td>\n<td align=\"RIGHT\" valign=\"BOTTOM\"><span style=\"color: #333333;\">\u20ac11.700<\/span><\/td>\n<\/tr>\n<tr>\n<td align=\"LEFT\" valign=\"BOTTOM\" height=\"18\"><span style=\"color: #333333;\"><br \/>\n<\/span><\/td>\n<td align=\"LEFT\" valign=\"BOTTOM\"><span style=\"color: #333333;\"><br \/>\n<\/span><\/td>\n<\/tr>\n<tr>\n<td align=\"LEFT\" valign=\"BOTTOM\" height=\"18\"><span style=\"color: #333333;\">Total<\/span><\/td>\n<td align=\"RIGHT\" valign=\"BOTTOM\"><strong><span style=\"color: #333333;\">\u20ac45.000<\/span><\/strong><\/td>\n<\/tr>\n<\/tbody>\n<\/table>\n<div style=\"color: #000000;\">La localisation d&#8217;un a\u00e9roport en mer n\u2019est \u00e9videmment pas l&#8217;option la moins ch\u00e0\u00a8re du point de vue construction, cependant celle-ci est contrebalanc\u00e9e par des avantages consid\u00e9rables en terme de couts  op\u00e9rationnel, d\u2019impact social et environnemental. En temps voulu, une analyse \u00ab\u00a0co\u00fbts b\u00e9n\u00e9fices\u00a0\u00bb d\u00e9taill\u00e9e sera n\u00e9cessaire pour comparer les propositions a\u00e9roportuaires pr\u00e9s\u00e9lectionn\u00e9es.<\/div>\n<\/div>\n<\/div>\n","protected":false},"excerpt":{"rendered":"<p>Une \u00e9valuation des co\u00fbts de construction a \u00e9t\u00e9 calcul\u00e9e pour la phase Goodwin Aiport avec l\u2019option\u00a0: trois pistes. Les de co\u00fbts sont bas\u00e9s sur une \u00e9valuation 2012. Il n&#8217;y a pas de prise en compte des co\u00fbts d&#8217;acquisition, ni de &hellip; <a href=\"https:\/\/www.goodwinairport.com\/?page_id=1131\">Continue reading <span class=\"meta-nav\">&rarr;<\/span><\/a><\/p>\n","protected":false},"author":1,"featured_media":0,"parent":1124,"menu_order":33,"comment_status":"closed","ping_status":"closed","template":"onecolumn-page.php","meta":[],"_links":{"self":[{"href":"https:\/\/www.goodwinairport.com\/index.php?rest_route=\/wp\/v2\/pages\/1131"}],"collection":[{"href":"https:\/\/www.goodwinairport.com\/index.php?rest_route=\/wp\/v2\/pages"}],"about":[{"href":"https:\/\/www.goodwinairport.com\/index.php?rest_route=\/wp\/v2\/types\/page"}],"author":[{"embeddable":true,"href":"https:\/\/www.goodwinairport.com\/index.php?rest_route=\/wp\/v2\/users\/1"}],"replies":[{"embeddable":true,"href":"https:\/\/www.goodwinairport.com\/index.php?rest_route=%2Fwp%2Fv2%2Fcomments&post=1131"}],"version-history":[{"count":1,"href":"https:\/\/www.goodwinairport.com\/index.php?rest_route=\/wp\/v2\/pages\/1131\/revisions"}],"predecessor-version":[{"id":1132,"href":"https:\/\/www.goodwinairport.com\/index.php?rest_route=\/wp\/v2\/pages\/1131\/revisions\/1132"}],"up":[{"embeddable":true,"href":"https:\/\/www.goodwinairport.com\/index.php?rest_route=\/wp\/v2\/pages\/1124"}],"wp:attachment":[{"href":"https:\/\/www.goodwinairport.com\/index.php?rest_route=%2Fwp%2Fv2%2Fmedia&parent=1131"}],"curies":[{"name":"wp","href":"https:\/\/api.w.org\/{rel}","templated":true}]}}