{"id":1126,"date":"2013-02-12T11:23:27","date_gmt":"2013-02-12T11:23:27","guid":{"rendered":"http:\/\/www.goodwinairport.com\/?page_id=1126"},"modified":"2013-03-25T14:38:53","modified_gmt":"2013-03-25T14:38:53","slug":"conception","status":"publish","type":"page","link":"https:\/\/www.goodwinairport.com\/?page_id=1126","title":{"rendered":"Conception"},"content":{"rendered":"<div>\n<div id=\"sub-pp-left\"><img loading=\"lazy\" class=\"alignnone size-full wp-image-762\" title=\"rs_0_Sl_4\" src=\"http:\/\/www.goodwinairport.com\/wp-media\/rs_0_Sl_4.jpg\" alt=\"\" width=\"75\" height=\"600\" \/><\/div>\n<div id=\"sub-pp-right\"><img loading=\"lazy\" src=\"http:\/\/www.goodwinairport.com\/gdn2_media\/Desg0.jpg\" alt=\"Full Terminal Internal\" title=\"Desg0\" width=\"640\" height=\"320\" class=\"alignnone size-full wp-image-959\" srcset=\"https:\/\/www.goodwinairport.com\/gdn2_media\/Desg0.jpg 640w, https:\/\/www.goodwinairport.com\/gdn2_media\/Desg0-300x150.jpg 300w\" sizes=\"(max-width: 640px) 100vw, 640px\" \/>L\u2019a\u00e9roport international de Goodwin est l\u2019opportunit\u00e9 d\u2019un a\u00e9roport des plus efficaces, le mieux connect\u00e9 et le plus viable d&#8217;Europe. L&#8217;a\u00e9roport sera situ\u00e9 sur une \u00e0\u00aele nouvelle reconquise sur les bancs de sable Goodwin Sands. En outre, la situation de ce site implique qu&#8217;il n&#8217;aura pas de conflits avec les voies de navigation.<\/div>\n<p>&nbsp;<\/p>\n<div><\/div>\n<div>L\u2019a\u00e9roport sera entour\u00e9 de digue qui sera la premi\u00e0\u00a8re structure \u00e0\u00a0 construire. Le remplissage \u00e0\u00a0 l&#8217;int\u00e9rieur de l\u2019enceinte sera effectu\u00e9 par \u00e9tapes conform\u00e9ment au d\u00e9veloppement de l&#8217;a\u00e9roport<\/div>\n<p>&nbsp;<\/p>\n<div><\/div>\n<div>La nouvelle ile sera suffisamment grande pour int\u00e9grer tous les services d&#8217;infrastructure n\u00e9cessaire \u00e0\u00a0 un grand a\u00e9roport:<\/div>\n<p>&nbsp;<\/p>\n<div><\/div>\n<div><\/div>\n<ul>\n<li>Terminaux de passagers et satellites <\/li>\n<li>Terminaux de fret a\u00e9rien<\/li>\n<li>Entrep\u00e0\u00b4ts<\/li>\n<li>Hangars avion et \u00e9quipement de maintenance<\/li>\n<li>H\u00e0\u00b4tel<\/li>\n<li>Logements pour le personnel<\/li>\n<li>Parkings de stationnement de courte dur\u00e9e<\/li>\n<li>R\u00e9servoir de stockage de carburant<\/li>\n<li>Un port pour acc\u00e9der \u00e0\u00a0 l\u2019ile<\/li>\n<\/ul>\n<div><\/div>\n<div>Initialement, dans la premi\u00e0\u00a8re phase de d\u00e9veloppement, il y a trois pistes d\u2019atterrissage servies par un terminal reli\u00e9 aux autres satellites avec 150 emplacements pour les avions. Il n&#8217;y aura pas de restriction donc l&#8217;a\u00e9roport sera capable de fonctionner 24 heures sur 24. D\u00e0\u00a8s que la demande augmentera, la quatri\u00e0\u00a8me piste sera construite avec un deuxi\u00e0\u00a8me terminal et ses satellites permettront de disposer de 150 aires de stationnement suppl\u00e9mentaires pour les avions ce qui permettra de disposer de pistes suppl\u00e9mentaires en fonction de la croissance de la demande, mais sans aucune restriction de disponibilit\u00e9 d&#8217;espace.<\/div>\n<div><\/div>\n<p><img loading=\"lazy\" src=\"http:\/\/www.goodwinairport.com\/gdn2_media\/Desg1.jpg\" alt=\"Terminal Internal Close 1\" title=\"Desg1\" width=\"640\" height=\"320\" class=\"alignnone size-full wp-image-960\" srcset=\"https:\/\/www.goodwinairport.com\/gdn2_media\/Desg1.jpg 640w, https:\/\/www.goodwinairport.com\/gdn2_media\/Desg1-300x150.jpg 300w\" sizes=\"(max-width: 640px) 100vw, 640px\" \/><\/p>\n<div><\/div>\n<div>Chaque terminal sera situ\u00e9 au-dessus de sa propre gare ferroviaire TGV avec des connexions directes vers le centre de Londres et via le tunnel sous la Manche Bruxelles, Paris, Lille et Calais ainsi qu&#8217;au r\u00e9seau europ\u00e9en \u00e0\u00a0 grande vitesse. Situ\u00e9 au bord de l&#8217;eau avec vue sur les falaises blanches de Douvres, le terminal incorporera aussi une gare maritime de ferry \u00e0\u00a0 grande vitesse qui reliera directement Ramsgate et Douvres. La protection autour de l&#8217;\u00e0\u00aele permettra aux ferries de fonctionner dans des conditions semi-abrit\u00e9es \u00e0\u00a0 l&#8217;instar des ferries de l\u2019ile de Wight permettant des vitesses d\u00e9passant 20 n\u00c5\u201cuds.<\/div>\n<div><\/div>\n<div><\/div>\n<p>&nbsp;<\/p>\n<div>Un tunnel routier reliera l&#8217;a\u00e9roport avec le r\u00e9seau routier. Dans les premi\u00e0\u00a8res phases du d\u00e9veloppement, il y a suffisamment de place pour permettre des parkings longue dur\u00e9e avec des possibilit\u00e9s de parking compl\u00e9mentaire sur la terre ferme. Avec le temps, lorsque le projet sera plus d\u00e9velopp\u00e9, le parking long dur\u00e9 devra probablement se situer sur la terre ferme.<\/div>\n<div><\/div>\n<\/div>\n<p>&nbsp;<br \/>\nL&#8217;apparence et la fonctionnalit\u00e9 de l&#8217;a\u00e9roport et son terminal seront cruciales sans limites\u00a0: avec un terrain vierge,  libre de construction rien ne peut emp\u00e0\u00aacher \u00e0\u00a0 l&#8217;a\u00e9roport international de Goodwin d&#8217;\u00e0\u00aatre le meilleur a\u00e9roport du monde\u00a0:<br \/>\nLes plans que nous avons pr\u00e9par\u00e9s permettent de r\u00e9soudre toutes les exigences d&#8217;un tel a\u00e9roport. \u00c0 ce stade, ils sont loin d&#8217;\u00e0\u00aatre totalement d\u00e9termin\u00e9s. Les images de ce site donnent un aper\u00e7u de la repr\u00e9sentation visuelle de notre projet. Les caract\u00e9ristiques principales sont:<\/p>\n<ul>\n<li>Alignement des pistes \u00e0\u00a0 30\u00b0<\/li>\n<li>S\u00e9paration des pistes de 1500\u00a0m<\/li>\n<li>Terminaux spacieux avec vue sur la c\u00e0\u00b4te du Kent<\/li>\n<li>Gare ferroviaire en dessous du terminal<\/li>\n<li>Contact direct avec une gare maritime \u00e0\u00a0 l&#8217;ouest du terminal<\/li>\n<li>Petit port de mer pour le carburant et pour la manutention des marchandises<\/li>\n<li>Compl\u00e9ment \u00e9ventuel d&#8217;un terminal de transport de containers<\/li>\n<li>Possibilit\u00e9 d&#8217;un port de p\u00e0\u00aache<\/li>\n<li>S\u00e9curit\u00e9 facilit\u00e9e par le site insulaire<\/li>\n<li>Promotion de l&#8217;environnement avec des plages pour les phoques aux extr\u00e9mit\u00e9s nord et sud de l&#8217;\u00e0\u00aele<\/li>\n<\/ul>\n<p>&nbsp;<\/p>\n","protected":false},"excerpt":{"rendered":"<p>L\u2019a\u00e9roport international de Goodwin est l\u2019opportunit\u00e9 d\u2019un a\u00e9roport des plus efficaces, le mieux connect\u00e9 et le plus viable d&#8217;Europe. L&#8217;a\u00e9roport sera situ\u00e9 sur une \u00e0\u00aele nouvelle reconquise sur les bancs de sable Goodwin Sands. En outre, la situation de ce &hellip; <a href=\"https:\/\/www.goodwinairport.com\/?page_id=1126\">Continue reading <span class=\"meta-nav\">&rarr;<\/span><\/a><\/p>\n","protected":false},"author":1,"featured_media":0,"parent":1124,"menu_order":31,"comment_status":"closed","ping_status":"closed","template":"onecolumn-page.php","meta":[],"_links":{"self":[{"href":"https:\/\/www.goodwinairport.com\/index.php?rest_route=\/wp\/v2\/pages\/1126"}],"collection":[{"href":"https:\/\/www.goodwinairport.com\/index.php?rest_route=\/wp\/v2\/pages"}],"about":[{"href":"https:\/\/www.goodwinairport.com\/index.php?rest_route=\/wp\/v2\/types\/page"}],"author":[{"embeddable":true,"href":"https:\/\/www.goodwinairport.com\/index.php?rest_route=\/wp\/v2\/users\/1"}],"replies":[{"embeddable":true,"href":"https:\/\/www.goodwinairport.com\/index.php?rest_route=%2Fwp%2Fv2%2Fcomments&post=1126"}],"version-history":[{"count":5,"href":"https:\/\/www.goodwinairport.com\/index.php?rest_route=\/wp\/v2\/pages\/1126\/revisions"}],"predecessor-version":[{"id":1316,"href":"https:\/\/www.goodwinairport.com\/index.php?rest_route=\/wp\/v2\/pages\/1126\/revisions\/1316"}],"up":[{"embeddable":true,"href":"https:\/\/www.goodwinairport.com\/index.php?rest_route=\/wp\/v2\/pages\/1124"}],"wp:attachment":[{"href":"https:\/\/www.goodwinairport.com\/index.php?rest_route=%2Fwp%2Fv2%2Fmedia&parent=1126"}],"curies":[{"name":"wp","href":"https:\/\/api.w.org\/{rel}","templated":true}]}}