{"id":1118,"date":"2013-02-12T11:21:33","date_gmt":"2013-02-12T11:21:33","guid":{"rendered":"http:\/\/www.goodwinairport.com\/?page_id=1118"},"modified":"2013-03-19T10:02:02","modified_gmt":"2013-03-19T10:02:02","slug":"environnement","status":"publish","type":"page","link":"https:\/\/www.goodwinairport.com\/?page_id=1118","title":{"rendered":"Environnement"},"content":{"rendered":"<div>\n<div id=\"sub-pp-left\"><a href=\"http:\/\/www.goodwinairport.com\/?attachment_id=754\" rel=\"attachment wp-att-754\"><img loading=\"lazy\" src=\"http:\/\/www.goodwinairport.com\/wp-media\/rs_0_Sl_2.jpg\" alt=\"\" title=\"rs_0_Sl_2\" width=\"75\" height=\"600\" class=\"alignnone size-full wp-image-754\" \/><\/a><\/div>\n<div id=\"sub-pp-right\">\n<p><img class=\"aligncenter\" title=\"Internal 01\" src=\"http:\/\/www.goodwinairport.com\/dls\/BP\/Sandbanks_Credit_Ben_Salter.jpg\" alt=\"Internal 01\" width=\"560\" \/>Goodwin Sands  et une \u00e0\u00aele d\u00e9serte de bancs de sable situ\u00e9e en dehors de toute zone d\u00e9sign\u00e9e comme prot\u00e9g\u00e9e. <\/p>\n<p>L&#8217;estuaire de la Tamise, par contre, est le lieu de nombreuses zones de conservation, dont plusieurs zones de la Convention Ramsar (zones humides c\u00e0\u00b4ti\u00e0\u00a8res) l&#8217;estuaire de la Tamise et leur secteur de protection des oiseaux sauvages des Marshes , ainsi que la zone sp\u00e9cifique de conservation de la c\u00e0\u00b4te du Thanet qui prot\u00e0\u00a8ge une gamme d&#8217;esp\u00e0\u00a8ces d&#8217;habitat d&#8217;animaux sauvages. Une des raisons principales de la d\u00e9signation de ces zones comme zones prot\u00e9g\u00e9es se trouve \u00e0\u00aatre la particularit\u00e9 du sol et de la ressource alimentaire des oiseaux. Le nombre d&#8217;oiseaux et donc le risque de collision pour les avions et beaucoup plus \u00e9lev\u00e9 pour un a\u00e9roport situ\u00e9 aux alentours de ce territoire.\n<\/p><\/div>\n<\/div>\n<div id=\"attachment_1243\" style=\"width: 615px\" class=\"wp-caption alignnone\"><a href=\"http:\/\/www.goodwinairport.com\/gdn2_media\/Environment2.jpg\"><img aria-describedby=\"caption-attachment-1243\" loading=\"lazy\" src=\"http:\/\/www.goodwinairport.com\/gdn2_media\/Environment2.jpg\" alt=\"Zones prot\u00e9g\u00e9es\" title=\"Zones prot\u00e9g\u00e9es\" width=\"605\" height=\"471\" class=\"size-full wp-image-1243\" srcset=\"https:\/\/www.goodwinairport.com\/gdn2_media\/Environment2.jpg 605w, https:\/\/www.goodwinairport.com\/gdn2_media\/Environment2-300x233.jpg 300w\" sizes=\"(max-width: 605px) 100vw, 605px\" \/><\/a><p id=\"caption-attachment-1243\" class=\"wp-caption-text\">Zones prot\u00e9g\u00e9es<\/p><\/div>\n<p>La protection environnementale n&#8217;est pas l&#8217;unique contrainte pour la construction d&#8217;un a\u00e9roport dans l&#8217;estuaire de la Tamise. L&#8217;estuaire est en effet fr\u00e9quent\u00e9 par de nombreuses voies de navigation et l\u00e0\u00a0 o\u00e0\u00b9 il n&#8217;y a pas de trafic maritime, des parcs \u00e9oliens sont actuellement construction : certains de ces parcs \u00e9oliens sont actuellement d\u00e9j\u00e0\u00a0 construits alors d&#8217;autres disposent d&#8217;ores et d\u00e9j\u00e0\u00a0 de permis de construction. Le fait de retirer la concession aupr\u00e0\u00a8s du gestionnaire d&#8217;un de ces parcs \u00e9oliens aurait des cons\u00e9quences juridiques consid\u00e9rables, dans la mesure o\u00e0\u00b9 cela serait m\u00e0\u00aame possible.<\/p>\n<p>Dans la partie ouest de l&#8217;estuaire, il y a une autre contrainte, l&#8217;\u00e9pave du navire transportant des munitions de la Deuxi\u00e0\u00a8me Guerre mondiale le <i>SS Richard Montgomery<\/i>. Il y avait aussi le probl\u00e0\u00a8me de la proximit\u00e9 du terminal m\u00e9thanier de L\u2019Isle of Grain, la deuxi\u00e0\u00a8me plus grande installation de stockage de gaz naturel liqu\u00e9fi\u00e9 au Royaume-Uni. L&#8217;a\u00e9roport interzonal de Goodwin ne pr\u00e9sente aucune de ces contraintes. En outre, contrairement aux autres sites propos\u00e9s, aucune maison ne devrait \u00e0\u00aatre d\u00e9truite pour la construction de cet a\u00e9roport. De plus, l&#8217;acquisition du site devrait \u00e0\u00aatre simplifi\u00e9e, car il appartient \u00e0\u00a0 la couronne britannique.<\/p>\n<p>Le brouillard peut \u00e0\u00aatre un des \u00e9l\u00e9ments perturbateurs pour les a\u00e9roports c\u00e0\u00b4tiers. En 2010, le mod\u00e0\u00a8le de pr\u00e9vision climatique UKCP09 du d\u00e9partement d&#8217;environnement, de l&#8217;alimentation et des affaires rurales stipule qu&#8217;\u00e0\u00a0 l&#8217;est du Kent, la fr\u00e9quence de brouillard est identique \u00e0\u00a0 celle de l&#8217;a\u00e9roport de Heathrow. . D&#8217;autres recherches indiquent que la fr\u00e9quence de brouillard \u00e0\u00a0 l&#8217;int\u00e9rieur de l&#8217;estuaire de la Tamise est 30 % plus \u00e9lev\u00e9e que celle de Goodwin, probablement \u00e0\u00a0 cause du niveau de la pollution dans l&#8217;estuaire ou bien en raison des vents plus forts sur Goodwin.<\/p>\n<p>L&#8217;espace a\u00e9rien du sud-est de l&#8217;Angleterre est encombr\u00e9. En cons\u00e9quence, aucun projet de construction n\u2019est possible sans une modification du trafic a\u00e9rien. Ces d\u00e9cisions doivent \u00e0\u00aatre v\u00e9rifi\u00e9es par les autorit\u00e9s de contr\u00e0\u00b4le a\u00e9rien en France, en Belgique et aux Pays-Bas. Cela s&#8217;applique \u00e0\u00a0 tous les nouveaux a\u00e9roports propos\u00e9s qu&#8217;ils soient situ\u00e9s dans l&#8217;estuaire de la Tamise,  \u00e0\u00a0 Goodwin ou sur terre. Cette question a suscit\u00e9 de nombreux d\u00e9bats au sein du NATS (principal organisme de gestion du trafic a\u00e9rien du Royaume-Uni) qui estime que le probl\u00e0\u00a8me n&#8217;est pas insurmontable bien qu&#8217;une \u00e9tude approfondie du trafic a\u00e9rien sera n\u00e9cessaire pour \u00e9valuer comment un nouvel a\u00e9roport pourra \u00e0\u00aatre int\u00e9gr\u00e9. Si plusieurs a\u00e9roports sont \u00e0\u00a0 l&#8217;\u00e9tude, une seule \u00e9tude trafic a\u00e9rien devrait suffire pour \u00e9valuer et comparer chaque possibilit\u00e9. <\/p>\n<p>&nbsp;<\/p>\n","protected":false},"excerpt":{"rendered":"<p>Goodwin Sands et une \u00e0\u00aele d\u00e9serte de bancs de sable situ\u00e9e en dehors de toute zone d\u00e9sign\u00e9e comme prot\u00e9g\u00e9e. L&#8217;estuaire de la Tamise, par contre, est le lieu de nombreuses zones de conservation, dont plusieurs zones de la Convention Ramsar &hellip; <a href=\"https:\/\/www.goodwinairport.com\/?page_id=1118\">Continue reading <span class=\"meta-nav\">&rarr;<\/span><\/a><\/p>\n","protected":false},"author":1,"featured_media":0,"parent":1108,"menu_order":22,"comment_status":"closed","ping_status":"open","template":"onecolumn-page.php","meta":[],"_links":{"self":[{"href":"https:\/\/www.goodwinairport.com\/index.php?rest_route=\/wp\/v2\/pages\/1118"}],"collection":[{"href":"https:\/\/www.goodwinairport.com\/index.php?rest_route=\/wp\/v2\/pages"}],"about":[{"href":"https:\/\/www.goodwinairport.com\/index.php?rest_route=\/wp\/v2\/types\/page"}],"author":[{"embeddable":true,"href":"https:\/\/www.goodwinairport.com\/index.php?rest_route=\/wp\/v2\/users\/1"}],"replies":[{"embeddable":true,"href":"https:\/\/www.goodwinairport.com\/index.php?rest_route=%2Fwp%2Fv2%2Fcomments&post=1118"}],"version-history":[{"count":8,"href":"https:\/\/www.goodwinairport.com\/index.php?rest_route=\/wp\/v2\/pages\/1118\/revisions"}],"predecessor-version":[{"id":1251,"href":"https:\/\/www.goodwinairport.com\/index.php?rest_route=\/wp\/v2\/pages\/1118\/revisions\/1251"}],"up":[{"embeddable":true,"href":"https:\/\/www.goodwinairport.com\/index.php?rest_route=\/wp\/v2\/pages\/1108"}],"wp:attachment":[{"href":"https:\/\/www.goodwinairport.com\/index.php?rest_route=%2Fwp%2Fv2%2Fmedia&parent=1118"}],"curies":[{"name":"wp","href":"https:\/\/api.w.org\/{rel}","templated":true}]}}