{"id":1094,"date":"2013-02-12T11:10:59","date_gmt":"2013-02-12T11:10:59","guid":{"rendered":"http:\/\/www.goodwinairport.com\/?page_id=1094"},"modified":"2013-03-20T16:43:20","modified_gmt":"2013-03-20T16:43:20","slug":"introduction-2","status":"publish","type":"page","link":"https:\/\/www.goodwinairport.com\/?page_id=1094","title":{"rendered":"Introduction"},"content":{"rendered":"<div id=\"sub-pp-left\"><a href=\"http:\/\/www.goodwinairport.com\/?attachment_id=743\" rel=\"attachment wp-att-743\"><img loading=\"lazy\" class=\"alignnone size-full wp-image-743\" title=\"rs_0_Sl_0\" src=\"http:\/\/www.goodwinairport.com\/wp-media\/rs_0_Sl_0.jpg\" alt=\"\" width=\"75\" height=\"600\" \/><\/a><\/div>\n<div id=\"sub-pp-right\">\n<p><img class=\"aligncenter\" title=\"Internal 01\" src=\"http:\/\/www.goodwinairport.com\/dls\/BP\/Inc_0D.jpg\" alt=\"Internal 01\" width=\"560\" border=\"1\" \/>Le 7 septembre 2012, le gouvernement britannique a annonc\u00e9 la cr\u00e9ation d&#8217;une commission A\u00e9ronautique ind\u00e9pendante, pr\u00e9sid\u00e9e par Howard Davies, dans le but d&#8217;identifier et d\u2019analyser les diff\u00e9rentes options a\u00e9roportuaires afin de maintenir le statut du Royaume-Uni en tant que  plaque tournante de l&#8217;aviation mondiale. L&#8217;analyse d\u2019agrandissement des a\u00e9roports existants et l\u2019audit des \u00e9ventuels sites sont attendus dans un rapport de la commission, courant de l&#8217;ann\u00e9e 2013.<\/p>\n<p>En attendant les conclusions de la commission Davies, l&#8217;industrie a\u00e9ronautique affirme que les a\u00e9roports d\u2019Heathrow et Gatwick fonctionnent quasiment \u00e0\u00a0 leurs limites\u00a0: il manque des pistes d&#8217;atterrissage pour Londres et le sud-est de l&#8217;Angleterre. Le probl\u00e0\u00a8me ne fera qu&#8217;empirer \u00e0\u00a0 l\u2019aune des d\u00e9cennies prochaines, \u00e0\u00a0 moins que leur nombre ne soit augment\u00e9.<\/p>\n<p>Pour que le Royaume-Uni puisse maintenir sa position dans le march\u00e9 du nord de l&#8217;Europe, il est convenu qu&#8217;une plate-forme Hub est n\u00e9cessaire pour Londres. Un tel a\u00e9roport devrait disposer d&#8217;au moins trois pistes et, de pr\u00e9f\u00e9rence, quatre. Heathrow, la plaque tournante londonienne, se laisse actuellement distancer alors que les a\u00e9roports concurrents \u00e0\u00a0 Paris, Amsterdam et Francfort \u00e9tendent leurs capacit\u00e9s.\n<\/p><\/div>\n<p>&nbsp;<br \/>\n&nbsp;<br \/>\n&nbsp;<br \/>\n&nbsp;<br \/>\n&nbsp;<br \/>\n&nbsp;<br \/>\n&nbsp;<br \/>\nCe site Web ne se penche pas sur la question de l&#8217;augmentation du nombre de pistes des a\u00e9roports existants, car la commission Davies enqu\u00e0\u00aate d\u00e9j\u00e0\u00a0 sur ce sujet. Nous avons donc pris le parti des besoins de l&#8217;industrie a\u00e9ronautique, consid\u00e9rant qu&#8217;un a\u00e9roport HUB avec quatre pistes sera n\u00e9cessaire sur le long terme. <\/p>\n<p><img loading=\"lazy\" class=\"alignright size-full wp-image-816\" title=\"Big_Squares_01\" src=\"http:\/\/www.goodwinairport.com\/wp-media\/Big_Squares_011.jpg\" alt=\"\" width=\"350\" height=\"350\" srcset=\"https:\/\/www.goodwinairport.com\/gdn2_media\/Big_Squares_011.jpg 350w, https:\/\/www.goodwinairport.com\/gdn2_media\/Big_Squares_011-150x150.jpg 150w, https:\/\/www.goodwinairport.com\/gdn2_media\/Big_Squares_011-300x300.jpg 300w\" sizes=\"(max-width: 350px) 100vw, 350px\" \/>Un a\u00e9roport disposant de quatre pistes a besoin d&#8217;un espace consid\u00e9rable, environ 25 kilom\u00e0\u00a8tres carr\u00e9s pour les pistes uniquement, afin de fonctionner ind\u00e9pendamment. Par contre, l&#8217;impact d&#8217;un tel a\u00e9roport sur les habitations environnantes est beaucoup plus important. \u00c0 Heathrow, la superficie o\u00e0\u00b9 le bruit d\u00e9passe 57db (le niveau que le gouvernement consid\u00e0\u00a8re comme une nuisance) d\u00e9passe les 100 kilom\u00e0\u00a8tres carr\u00e9s, affectant plus de 250\u00a0000 habitants. Et pourtant, cette empreinte sonore correspond actuellement qu\u2019\u00e0\u00a0 seulement deux pistes. <\/p>\n<p>Le sud-est de l&#8217;Angleterre est une r\u00e9gion o\u00e0\u00b9 la population est tr\u00e0\u00a8s dense et le prix des terrains \u00e9lev\u00e9. Un site suffisamment grand pour un a\u00e9roport \u00e0\u00a0 quatre pistes ne s\u2019allouera pas sans susciter une r\u00e9sistance consid\u00e9rable des communaut\u00e9s locales et de leurs repr\u00e9sentants politiques. Compte tenu de ce niveau de r\u00e9sistance, il est peu probable qu&#8217;un des a\u00e9roports qui dessert Londres actuellement puisse \u00e0\u00aatre \u00e9largi \u00e0\u00a0 quatre pistes. Les effets politiques, sociaux et environnementaux seraient d\u00e9terminants.<\/p>\n<p><img loading=\"lazy\" class=\"alignleft size-full wp-image-813\" title=\"Big_Squares_07\" src=\"http:\/\/www.goodwinairport.com\/wp-media\/Big_Squares_07.jpg\" alt=\"\" width=\"350\" height=\"350\" srcset=\"https:\/\/www.goodwinairport.com\/gdn2_media\/Big_Squares_07.jpg 350w, https:\/\/www.goodwinairport.com\/gdn2_media\/Big_Squares_07-150x150.jpg 150w, https:\/\/www.goodwinairport.com\/gdn2_media\/Big_Squares_07-300x300.jpg 300w\" sizes=\"(max-width: 350px) 100vw, 350px\" \/>L\u2019alternative, pour une nation insulaire telle que le Royaume-Uni, est de situer l&#8217;a\u00e9roport au large des c\u00e0\u00b4tes\u00a0: une solution r\u00e9cemment adopt\u00e9e pour l&#8217;a\u00e9roport d\u2019Incheon en Cor\u00e9e du Sud, l&#8217;a\u00e9roport de Kansai au Japon, mais \u00e9galement l&#8217;a\u00e9roport de Hong Kong. Depuis le d\u00e9but des ann\u00e9es 1970, il y a eu plusieurs projets de construction pour un tel a\u00e9roport dans l&#8217;estuaire de la Tamise, en commen\u00e7ant par la proposition de Maplin Sands sur le rivage du comt\u00e9 d&#8217;Essex, puis sur des sites plus proches au centre de l&#8217;estuaire tel que la proposition Marinair. Plus r\u00e9cemment, les sites en limite du Kent ont \u00e9t\u00e9 sugg\u00e9r\u00e9s \u00e0\u00a0 Cliffs Marshes, Isle de Sheppey et, la proposition de Lord Foster, \u00e0\u00a0 Isle of Grain. La proposition la plus r\u00e9cente est celle de Tesrad sur un site au large de Kentish Flats. Tous les renseignements sur les propositions peuvent \u00e0\u00aatre trouv\u00e9s dans les liens sur ce site web. <\/p>\n<p>Globalement,  ces propositions dans l&#8217;estuaire ont des inconv\u00e9nients significatifs. Tous sont situ\u00e9s dans une zone internationale d\u00e9sign\u00e9e comme \u00e9cologiquement sensible. Chaque site interf\u00e0\u00a8re soit avec les couloirs de navigation ou se trouve \u00e0\u00aatre trop petit pour pouvoir disposer de quatre pistes. Plusieurs sites n\u00e9cessiteraient la d\u00e9molition de parc \u00e9olien, r\u00e9cemment construit. Les sites sur terre ne permettent pas le d\u00e9collage et l&#8217;atterrissage au-dessus de la mer, ce qui devrait \u00e0\u00aatre l\u2019avantage principal d&#8217;un nouvel a\u00e9roport offshore, car cela rend, de facto, possible son fonctionnement 24\/24\u00a0: lui permettant de maximaliser son usage.<\/p>\n<h3>L\u2019a\u00e9roport international de Goodwin, situ\u00e9 \u00e0\u00a0 Goodwin Sands ne supporte aucun de ces inconv\u00e9nients:<\/h3>\n<ul>\n<li><strong>Il dispose de suffisamment de place pour plus de quatre pistes. <\/strong><\/li>\n<li><strong>Il permet \u00e0\u00a0 un d\u00e9collage et atterrissage au-dessus de l&#8217;eau ce qui lui permet un fonctionnement 24 heures sur 24<\/strong><\/li>\n<li><strong>N&#8217;a aucun impact sur les zones prot\u00e9g\u00e9es,<\/strong><\/li>\n<li><strong>N\u2019interf\u00e0\u00a8re avec aucun des couloirs de navigation,<\/strong><\/li>\n<li><strong>N\u2019est en conflit avec aucun parc \u00e9olien.<\/strong><\/li>\n<\/ul>\n<h3>Par ailleurs, l&#8217;a\u00e9roport Goodwin dispose de quelques avantages cl\u00e9s:<\/h3>\n<ul>\n<li><strong>Il ne requiert aucune d\u00e9molition de logements ni de transfert de population.<\/strong><\/li>\n<li><strong>Il est reli\u00e9 avec Londres en 40 minutes par une ligne train \u00e0\u00a0 grande vitesse <\/strong><\/li>\n<li><strong>Il dispose de liaisons autorouti\u00e0\u00a8res par l\u2019A2 et la M20<\/strong><\/li>\n<li><strong>Des liens avec l&#8217;Europe sont possibles par l&#8217;interm\u00e9diaire de l&#8217;Eurostar<\/strong><\/li>\n<li><strong>Les liaisons rapides avec Douvres et Ramsgate sont \u00e9galement possibles par ferry<\/strong><\/li>\n<li><strong>Le terrain est la propri\u00e9t\u00e9 de la couronne britannique<\/strong><\/li>\n<li><strong>Ce projet cr\u00e9era des milliers d&#8217;emplois sur le secteur de Thanet, l&#8217;une des r\u00e9gions les plus d\u00e9favoris\u00e9es du sud-est de l&#8217;Angleterre.<\/strong><\/li>\n<\/ul>\n<p><a href=\"http:\/\/www.goodwinairport.com\/?attachment_id=547\" rel=\"attachment wp-att-547\"><img loading=\"lazy\" class=\"alignright size-medium wp-image-547\" title=\"Big_Squares_02\" src=\"http:\/\/www.goodwinairport.com\/wp-media\/Big_Squares_02-300x300.jpg\" alt=\"\" width=\"300\" height=\"300\" srcset=\"https:\/\/www.goodwinairport.com\/gdn2_media\/Big_Squares_02-300x300.jpg 300w, https:\/\/www.goodwinairport.com\/gdn2_media\/Big_Squares_02-150x150.jpg 150w, https:\/\/www.goodwinairport.com\/gdn2_media\/Big_Squares_02.jpg 350w\" sizes=\"(max-width: 300px) 100vw, 300px\" \/><\/a>Il n&#8217;existe pas d&#8217;emplacement parfait pour un nouvel a\u00e9roport\u00a0: tous les sites ont des inconv\u00e9nients et la construction en mer n&#8217;est pas la solution la plus \u00e9conomique. Cependant, un a\u00e9roport HUB offshore est la seule option qui peut, en r\u00e9alit\u00e9, fournir plus de quatre pistes \u00e0\u00a0 long terme. Si la commission Davies d\u00e9cide que le sud-est de l&#8217;Angleterre a besoin d&#8217;un a\u00e9roport HUB de quatre pistes, le fait de construire \u00e0\u00a0 Goodwin sera l&#8217;option la moins d\u00e9favorable d&#8217;un point de vue social et environnemental. C\u2019est l\u2019option la plus durable.<\/p>\n","protected":false},"excerpt":{"rendered":"<p>Le 7 septembre 2012, le gouvernement britannique a annonc\u00e9 la cr\u00e9ation d&#8217;une commission A\u00e9ronautique ind\u00e9pendante, pr\u00e9sid\u00e9e par Howard Davies, dans le but d&#8217;identifier et d\u2019analyser les diff\u00e9rentes options a\u00e9roportuaires afin de maintenir le statut du Royaume-Uni en tant que plaque &hellip; <a href=\"https:\/\/www.goodwinairport.com\/?page_id=1094\">Continue reading <span class=\"meta-nav\">&rarr;<\/span><\/a><\/p>\n","protected":false},"author":1,"featured_media":0,"parent":0,"menu_order":1,"comment_status":"closed","ping_status":"closed","template":"onecolumn-page.php","meta":[],"_links":{"self":[{"href":"https:\/\/www.goodwinairport.com\/index.php?rest_route=\/wp\/v2\/pages\/1094"}],"collection":[{"href":"https:\/\/www.goodwinairport.com\/index.php?rest_route=\/wp\/v2\/pages"}],"about":[{"href":"https:\/\/www.goodwinairport.com\/index.php?rest_route=\/wp\/v2\/types\/page"}],"author":[{"embeddable":true,"href":"https:\/\/www.goodwinairport.com\/index.php?rest_route=\/wp\/v2\/users\/1"}],"replies":[{"embeddable":true,"href":"https:\/\/www.goodwinairport.com\/index.php?rest_route=%2Fwp%2Fv2%2Fcomments&post=1094"}],"version-history":[{"count":15,"href":"https:\/\/www.goodwinairport.com\/index.php?rest_route=\/wp\/v2\/pages\/1094\/revisions"}],"predecessor-version":[{"id":1273,"href":"https:\/\/www.goodwinairport.com\/index.php?rest_route=\/wp\/v2\/pages\/1094\/revisions\/1273"}],"wp:attachment":[{"href":"https:\/\/www.goodwinairport.com\/index.php?rest_route=%2Fwp%2Fv2%2Fmedia&parent=1094"}],"curies":[{"name":"wp","href":"https:\/\/api.w.org\/{rel}","templated":true}]}}